{"id":119,"date":"2022-12-07T11:24:44","date_gmt":"2022-12-07T11:24:44","guid":{"rendered":"http:\/\/ezat.fun\/?post_type=product&#038;p=119"},"modified":"2022-12-22T13:11:46","modified_gmt":"2022-12-22T13:11:46","slug":"96-egipcjanka","status":"publish","type":"product","link":"https:\/\/ezat.fun\/?product=96-egipcjanka","title":{"rendered":"96. Egipcjanka"},"content":{"rendered":"","protected":false},"excerpt":{"rendered":"","protected":false},"featured_media":650,"comment_status":"open","ping_status":"closed","template":"","meta":{"om_disable_all_campaigns":false,"_monsterinsights_skip_tracking":false,"_monsterinsights_sitenote_active":false,"_monsterinsights_sitenote_note":"","_monsterinsights_sitenote_category":0},"product_cat":[17,18],"product_tag":[],"yoast_head":"<!-- This site is optimized with the Yoast SEO plugin v21.7 - https:\/\/yoast.com\/wordpress\/plugins\/seo\/ -->\n<title>96. Egipcjanka - ezat.fun<\/title>\n<meta name=\"robots\" content=\"index, follow, max-snippet:-1, max-image-preview:large, max-video-preview:-1\" \/>\n<link rel=\"canonical\" href=\"https:\/\/ezat.fun\/?product=96-egipcjanka\" \/>\n<meta property=\"og:locale\" content=\"pl_PL\" \/>\n<meta property=\"og:type\" content=\"article\" \/>\n<meta property=\"og:title\" content=\"96. Egipcjanka - ezat.fun\" \/>\n<meta property=\"og:url\" content=\"https:\/\/ezat.fun\/?product=96-egipcjanka\" \/>\n<meta property=\"og:site_name\" content=\"ezat.fun\" \/>\n<meta property=\"article:publisher\" content=\"https:\/\/www.facebook.com\/profile.php?id=100089543403265\" \/>\n<meta property=\"article:modified_time\" content=\"2022-12-22T13:11:46+00:00\" \/>\n<meta property=\"og:image\" content=\"https:\/\/ezat.fun\/wp-content\/uploads\/2022\/12\/96.jpg\" \/>\n\t<meta property=\"og:image:width\" content=\"263\" \/>\n\t<meta property=\"og:image:height\" content=\"640\" \/>\n\t<meta property=\"og:image:type\" content=\"image\/jpeg\" \/>\n<meta name=\"twitter:card\" content=\"summary_large_image\" \/>\n<script type=\"application\/ld+json\" class=\"yoast-schema-graph\">{\"@context\":\"https:\/\/schema.org\",\"@graph\":[{\"@type\":\"WebPage\",\"@id\":\"https:\/\/ezat.fun\/?product=96-egipcjanka\",\"url\":\"https:\/\/ezat.fun\/?product=96-egipcjanka\",\"name\":\"96. Egipcjanka - ezat.fun\",\"isPartOf\":{\"@id\":\"https:\/\/ezat.fun\/#website\"},\"datePublished\":\"2022-12-07T11:24:44+00:00\",\"dateModified\":\"2022-12-22T13:11:46+00:00\",\"breadcrumb\":{\"@id\":\"https:\/\/ezat.fun\/?product=96-egipcjanka#breadcrumb\"},\"inLanguage\":\"pl-PL\",\"potentialAction\":[{\"@type\":\"ReadAction\",\"target\":[\"https:\/\/ezat.fun\/?product=96-egipcjanka\"]}]},{\"@type\":\"BreadcrumbList\",\"@id\":\"https:\/\/ezat.fun\/?product=96-egipcjanka#breadcrumb\",\"itemListElement\":[{\"@type\":\"ListItem\",\"position\":1,\"name\":\"Strona g\u0142\u00f3wna\",\"item\":\"https:\/\/ezat.fun\/\"},{\"@type\":\"ListItem\",\"position\":2,\"name\":\"Shop\",\"item\":\"https:\/\/ezat.fun\/?page_id=5\"},{\"@type\":\"ListItem\",\"position\":3,\"name\":\"96. Egipcjanka\"}]},{\"@type\":\"WebSite\",\"@id\":\"https:\/\/ezat.fun\/#website\",\"url\":\"https:\/\/ezat.fun\/\",\"name\":\"ezat.fun\",\"description\":\"Wypo\u017cyczalnia Stroj\u00f3w Karnawa\u0142owych w Bochnii\",\"publisher\":{\"@id\":\"https:\/\/ezat.fun\/#organization\"},\"potentialAction\":[{\"@type\":\"SearchAction\",\"target\":{\"@type\":\"EntryPoint\",\"urlTemplate\":\"https:\/\/ezat.fun\/?s={search_term_string}\"},\"query-input\":\"required name=search_term_string\"}],\"inLanguage\":\"pl-PL\"},{\"@type\":\"Organization\",\"@id\":\"https:\/\/ezat.fun\/#organization\",\"name\":\"ezat.fun\",\"url\":\"https:\/\/ezat.fun\/\",\"logo\":{\"@type\":\"ImageObject\",\"inLanguage\":\"pl-PL\",\"@id\":\"https:\/\/ezat.fun\/#\/schema\/logo\/image\/\",\"url\":\"https:\/\/ezat.fun\/wp-content\/uploads\/2022\/12\/cropped-logo.png\",\"contentUrl\":\"https:\/\/ezat.fun\/wp-content\/uploads\/2022\/12\/cropped-logo.png\",\"width\":1200,\"height\":342,\"caption\":\"ezat.fun\"},\"image\":{\"@id\":\"https:\/\/ezat.fun\/#\/schema\/logo\/image\/\"},\"sameAs\":[\"https:\/\/www.facebook.com\/profile.php?id=100089543403265\"]}]}<\/script>\n<!-- \/ Yoast SEO plugin. -->","yoast_head_json":{"title":"96. Egipcjanka - ezat.fun","robots":{"index":"index","follow":"follow","max-snippet":"max-snippet:-1","max-image-preview":"max-image-preview:large","max-video-preview":"max-video-preview:-1"},"canonical":"https:\/\/ezat.fun\/?product=96-egipcjanka","og_locale":"pl_PL","og_type":"article","og_title":"96. Egipcjanka - ezat.fun","og_url":"https:\/\/ezat.fun\/?product=96-egipcjanka","og_site_name":"ezat.fun","article_publisher":"https:\/\/www.facebook.com\/profile.php?id=100089543403265","article_modified_time":"2022-12-22T13:11:46+00:00","og_image":[{"width":263,"height":640,"url":"https:\/\/ezat.fun\/wp-content\/uploads\/2022\/12\/96.jpg","type":"image\/jpeg"}],"twitter_card":"summary_large_image","schema":{"@context":"https:\/\/schema.org","@graph":[{"@type":"WebPage","@id":"https:\/\/ezat.fun\/?product=96-egipcjanka","url":"https:\/\/ezat.fun\/?product=96-egipcjanka","name":"96. Egipcjanka - ezat.fun","isPartOf":{"@id":"https:\/\/ezat.fun\/#website"},"datePublished":"2022-12-07T11:24:44+00:00","dateModified":"2022-12-22T13:11:46+00:00","breadcrumb":{"@id":"https:\/\/ezat.fun\/?product=96-egipcjanka#breadcrumb"},"inLanguage":"pl-PL","potentialAction":[{"@type":"ReadAction","target":["https:\/\/ezat.fun\/?product=96-egipcjanka"]}]},{"@type":"BreadcrumbList","@id":"https:\/\/ezat.fun\/?product=96-egipcjanka#breadcrumb","itemListElement":[{"@type":"ListItem","position":1,"name":"Strona g\u0142\u00f3wna","item":"https:\/\/ezat.fun\/"},{"@type":"ListItem","position":2,"name":"Shop","item":"https:\/\/ezat.fun\/?page_id=5"},{"@type":"ListItem","position":3,"name":"96. Egipcjanka"}]},{"@type":"WebSite","@id":"https:\/\/ezat.fun\/#website","url":"https:\/\/ezat.fun\/","name":"ezat.fun","description":"Wypo\u017cyczalnia Stroj\u00f3w Karnawa\u0142owych w Bochnii","publisher":{"@id":"https:\/\/ezat.fun\/#organization"},"potentialAction":[{"@type":"SearchAction","target":{"@type":"EntryPoint","urlTemplate":"https:\/\/ezat.fun\/?s={search_term_string}"},"query-input":"required name=search_term_string"}],"inLanguage":"pl-PL"},{"@type":"Organization","@id":"https:\/\/ezat.fun\/#organization","name":"ezat.fun","url":"https:\/\/ezat.fun\/","logo":{"@type":"ImageObject","inLanguage":"pl-PL","@id":"https:\/\/ezat.fun\/#\/schema\/logo\/image\/","url":"https:\/\/ezat.fun\/wp-content\/uploads\/2022\/12\/cropped-logo.png","contentUrl":"https:\/\/ezat.fun\/wp-content\/uploads\/2022\/12\/cropped-logo.png","width":1200,"height":342,"caption":"ezat.fun"},"image":{"@id":"https:\/\/ezat.fun\/#\/schema\/logo\/image\/"},"sameAs":["https:\/\/www.facebook.com\/profile.php?id=100089543403265"]}]}},"_links":{"self":[{"href":"https:\/\/ezat.fun\/index.php?rest_route=\/wp\/v2\/product\/119"}],"collection":[{"href":"https:\/\/ezat.fun\/index.php?rest_route=\/wp\/v2\/product"}],"about":[{"href":"https:\/\/ezat.fun\/index.php?rest_route=\/wp\/v2\/types\/product"}],"replies":[{"embeddable":true,"href":"https:\/\/ezat.fun\/index.php?rest_route=%2Fwp%2Fv2%2Fcomments&post=119"}],"wp:featuredmedia":[{"embeddable":true,"href":"https:\/\/ezat.fun\/index.php?rest_route=\/wp\/v2\/media\/650"}],"wp:attachment":[{"href":"https:\/\/ezat.fun\/index.php?rest_route=%2Fwp%2Fv2%2Fmedia&parent=119"}],"wp:term":[{"taxonomy":"product_cat","embeddable":true,"href":"https:\/\/ezat.fun\/index.php?rest_route=%2Fwp%2Fv2%2Fproduct_cat&post=119"},{"taxonomy":"product_tag","embeddable":true,"href":"https:\/\/ezat.fun\/index.php?rest_route=%2Fwp%2Fv2%2Fproduct_tag&post=119"}],"curies":[{"name":"wp","href":"https:\/\/api.w.org\/{rel}","templated":true}]}}